{"id":2644,"date":"2025-04-28T09:25:01","date_gmt":"2025-04-28T09:25:01","guid":{"rendered":"https:\/\/rotarysete-doyen.org\/?page_id=2644"},"modified":"2025-04-28T09:26:22","modified_gmt":"2025-04-28T09:26:22","slug":"julien-chastanet","status":"publish","type":"page","link":"https:\/\/rotarysete-doyen.org\/?page_id=2644","title":{"rendered":"Julien Chastanet : l\u2019espoir prometteur du Rotary Club"},"content":{"rendered":"\t\t<div data-elementor-type=\"wp-page\" data-elementor-id=\"2644\" class=\"elementor elementor-2644\">\n\t\t\t\t\t\t<section class=\"elementor-section elementor-top-section elementor-element elementor-element-ef9cdd0 elementor-section-boxed elementor-section-height-default elementor-section-height-default\" data-id=\"ef9cdd0\" data-element_type=\"section\" data-e-type=\"section\">\n\t\t\t\t\t\t<div class=\"elementor-container elementor-column-gap-default\">\n\t\t\t\t\t<div class=\"elementor-column elementor-col-100 elementor-top-column elementor-element elementor-element-1aed245\" data-id=\"1aed245\" data-element_type=\"column\" data-e-type=\"column\">\n\t\t\t<div class=\"elementor-widget-wrap elementor-element-populated\">\n\t\t\t\t\t\t<div class=\"elementor-element elementor-element-2355276 elementor-widget elementor-widget-heading\" data-id=\"2355276\" data-element_type=\"widget\" data-e-type=\"widget\" data-widget_type=\"heading.default\">\n\t\t\t\t<div class=\"elementor-widget-container\">\n\t\t\t\t\t<h2 class=\"elementor-heading-title elementor-size-default\">Julien Chastanet : l\u2019espoir prometteur du Rotary Club\n<\/h2>\t\t\t\t<\/div>\n\t\t\t\t<\/div>\n\t\t\t\t\t<\/div>\n\t\t<\/div>\n\t\t\t\t\t<\/div>\n\t\t<\/section>\n\t\t\t\t<section class=\"elementor-section elementor-top-section elementor-element elementor-element-8db0ea1 elementor-section-boxed elementor-section-height-default elementor-section-height-default\" data-id=\"8db0ea1\" data-element_type=\"section\" data-e-type=\"section\">\n\t\t\t\t\t\t<div class=\"elementor-container elementor-column-gap-default\">\n\t\t\t\t\t<div class=\"elementor-column elementor-col-100 elementor-top-column elementor-element elementor-element-4c6943c\" data-id=\"4c6943c\" data-element_type=\"column\" data-e-type=\"column\">\n\t\t\t<div class=\"elementor-widget-wrap elementor-element-populated\">\n\t\t\t\t\t\t<div class=\"elementor-element elementor-element-14da63f elementor-widget elementor-widget-text-editor\" data-id=\"14da63f\" data-element_type=\"widget\" data-e-type=\"widget\" data-widget_type=\"text-editor.default\">\n\t\t\t\t<div class=\"elementor-widget-container\">\n\t\t\t\t\t\t\t\t\t<p>Julien Chastanet, jeune pilote automobile au potentiel ind\u00e9niable. Portant haut les couleurs du Rotary Club !<br \/>Julien se pr\u00e9pare pour sa prochaine \u00e9preuve sur le l\u00e9gendaire circuit de Laval, qui accueillera la prochaine manche des IAME Series France du 17 au 19 mai 2024. Arm\u00e9 de son talent inn\u00e9 et de sa d\u00e9termination sans faille, Julien aborde cette nouvelle \u00e9tape avec confiance et ambition, pr\u00eat \u00e0 relever de nouveaux d\u00e9fis et \u00e0 repousser ses limites. Au nom de toute la communaut\u00e9 du Rotary Club, nous adressons nos plus chaleureux encouragements \u00e0 Julien Chastanet pour cette prochaine course \u00e0 Laval.<\/p>\t\t\t\t\t\t\t\t<\/div>\n\t\t\t\t<\/div>\n\t\t\t\t\t<\/div>\n\t\t<\/div>\n\t\t\t\t\t<\/div>\n\t\t<\/section>\n\t\t\t\t<section class=\"elementor-section elementor-top-section elementor-element elementor-element-5fcd6e7 elementor-section-boxed elementor-section-height-default elementor-section-height-default\" data-id=\"5fcd6e7\" data-element_type=\"section\" data-e-type=\"section\">\n\t\t\t\t\t\t<div class=\"elementor-container elementor-column-gap-default\">\n\t\t\t\t\t<div class=\"elementor-column elementor-col-100 elementor-top-column elementor-element elementor-element-8432059\" data-id=\"8432059\" data-element_type=\"column\" data-e-type=\"column\">\n\t\t\t<div class=\"elementor-widget-wrap elementor-element-populated\">\n\t\t\t\t\t\t<div class=\"elementor-element elementor-element-0c51a08 elementor-widget elementor-widget-image\" data-id=\"0c51a08\" data-element_type=\"widget\" data-e-type=\"widget\" data-widget_type=\"image.default\">\n\t\t\t\t<div class=\"elementor-widget-container\">\n\t\t\t\t\t\t\t\t\t\t\t\t\t\t\t<img fetchpriority=\"high\" decoding=\"async\" width=\"1024\" height=\"640\" src=\"https:\/\/rotarysete-doyen.org\/wp-content\/uploads\/2024\/05\/vignette-NOS-ACTIONS-6-1024x640.jpg\" class=\"attachment-large size-large wp-image-2000\" alt=\"\" srcset=\"https:\/\/rotarysete-doyen.org\/wp-content\/uploads\/2024\/05\/vignette-NOS-ACTIONS-6-1024x640.jpg 1024w, https:\/\/rotarysete-doyen.org\/wp-content\/uploads\/2024\/05\/vignette-NOS-ACTIONS-6-300x188.jpg 300w, https:\/\/rotarysete-doyen.org\/wp-content\/uploads\/2024\/05\/vignette-NOS-ACTIONS-6-768x480.jpg 768w, https:\/\/rotarysete-doyen.org\/wp-content\/uploads\/2024\/05\/vignette-NOS-ACTIONS-6-1536x960.jpg 1536w, https:\/\/rotarysete-doyen.org\/wp-content\/uploads\/2024\/05\/vignette-NOS-ACTIONS-6.jpg 2000w\" sizes=\"(max-width: 1024px) 100vw, 1024px\" \/>\t\t\t\t\t\t\t\t\t\t\t\t\t\t\t<\/div>\n\t\t\t\t<\/div>\n\t\t\t\t\t<\/div>\n\t\t<\/div>\n\t\t\t\t\t<\/div>\n\t\t<\/section>\n\t\t\t\t<\/div>\n\t\t","protected":false},"excerpt":{"rendered":"<p>Julien Chastanet : l\u2019espoir prometteur du Rotary Club Julien Chastanet, [&hellip;]<\/p>\n","protected":false},"author":1,"featured_media":0,"parent":0,"menu_order":0,"comment_status":"closed","ping_status":"closed","template":"","meta":{"site-sidebar-layout":"no-sidebar","site-content-layout":"page-builder","ast-site-content-layout":"full-width-container","site-content-style":"default","site-sidebar-style":"default","ast-global-header-display":"","ast-banner-title-visibility":"","ast-main-header-display":"","ast-hfb-above-header-display":"","ast-hfb-below-header-display":"","ast-hfb-mobile-header-display":"","site-post-title":"disabled","ast-breadcrumbs-content":"","ast-featured-img":"disabled","footer-sml-layout":"","ast-disable-related-posts":"","theme-transparent-header-meta":"","adv-header-id-meta":"","stick-header-meta":"","header-above-stick-meta":"","header-main-stick-meta":"","header-below-stick-meta":"","astra-migrate-meta-layouts":"set","ast-page-background-enabled":"default","ast-page-background-meta":{"desktop":{"background-color":"var(--ast-global-color-4)","background-image":"","background-repeat":"repeat","background-position":"center center","background-size":"auto","background-attachment":"scroll","background-type":"","background-media":"","overlay-type":"","overlay-color":"","overlay-opacity":"","overlay-gradient":""},"tablet":{"background-color":"","background-image":"","background-repeat":"repeat","background-position":"center center","background-size":"auto","background-attachment":"scroll","background-type":"","background-media":"","overlay-type":"","overlay-color":"","overlay-opacity":"","overlay-gradient":""},"mobile":{"background-color":"","background-image":"","background-repeat":"repeat","background-position":"center center","background-size":"auto","background-attachment":"scroll","background-type":"","background-media":"","overlay-type":"","overlay-color":"","overlay-opacity":"","overlay-gradient":""}},"ast-content-background-meta":{"desktop":{"background-color":"var(--ast-global-color-5)","background-image":"","background-repeat":"repeat","background-position":"center center","background-size":"auto","background-attachment":"scroll","background-type":"","background-media":"","overlay-type":"","overlay-color":"","overlay-opacity":"","overlay-gradient":""},"tablet":{"background-color":"var(--ast-global-color-5)","background-image":"","background-repeat":"repeat","background-position":"center center","background-size":"auto","background-attachment":"scroll","background-type":"","background-media":"","overlay-type":"","overlay-color":"","overlay-opacity":"","overlay-gradient":""},"mobile":{"background-color":"var(--ast-global-color-5)","background-image":"","background-repeat":"repeat","background-position":"center center","background-size":"auto","background-attachment":"scroll","background-type":"","background-media":"","overlay-type":"","overlay-color":"","overlay-opacity":"","overlay-gradient":""}},"footnotes":""},"class_list":["post-2644","page","type-page","status-publish","hentry"],"yoast_head":"<!-- This site is optimized with the Yoast SEO plugin v27.5 - https:\/\/yoast.com\/product\/yoast-seo-wordpress\/ -->\n<title>Julien Chastanet : l\u2019espoir prometteur du Rotary Club - rotarysete-doyen<\/title>\n<meta name=\"robots\" content=\"index, follow, max-snippet:-1, max-image-preview:large, max-video-preview:-1\" \/>\n<link rel=\"canonical\" href=\"https:\/\/rotarysete-doyen.org\/?page_id=2644\" \/>\n<meta property=\"og:locale\" content=\"fr_FR\" \/>\n<meta property=\"og:type\" content=\"article\" \/>\n<meta property=\"og:title\" content=\"Julien Chastanet : l\u2019espoir prometteur du Rotary Club - rotarysete-doyen\" \/>\n<meta property=\"og:description\" content=\"Julien Chastanet : l\u2019espoir prometteur du Rotary Club Julien Chastanet, [&hellip;]\" \/>\n<meta property=\"og:url\" content=\"https:\/\/rotarysete-doyen.org\/?page_id=2644\" \/>\n<meta property=\"og:site_name\" content=\"rotarysete-doyen\" \/>\n<meta property=\"article:modified_time\" content=\"2025-04-28T09:26:22+00:00\" \/>\n<meta property=\"og:image\" content=\"https:\/\/rotarysete-doyen.org\/wp-content\/uploads\/2024\/05\/vignette-NOS-ACTIONS-6.jpg\" \/>\n\t<meta property=\"og:image:width\" content=\"2000\" \/>\n\t<meta property=\"og:image:height\" content=\"1250\" \/>\n\t<meta property=\"og:image:type\" content=\"image\/jpeg\" \/>\n<meta name=\"twitter:card\" content=\"summary_large_image\" \/>\n<meta name=\"twitter:label1\" content=\"Dur\u00e9e de lecture estim\u00e9e\" \/>\n\t<meta name=\"twitter:data1\" content=\"1 minute\" \/>\n<script type=\"application\/ld+json\" class=\"yoast-schema-graph\">{\"@context\":\"https:\\\/\\\/schema.org\",\"@graph\":[{\"@type\":\"WebPage\",\"@id\":\"https:\\\/\\\/rotarysete-doyen.org\\\/?page_id=2644\",\"url\":\"https:\\\/\\\/rotarysete-doyen.org\\\/?page_id=2644\",\"name\":\"Julien Chastanet : l\u2019espoir prometteur du Rotary Club - rotarysete-doyen\",\"isPartOf\":{\"@id\":\"https:\\\/\\\/rotarysete-doyen.org\\\/#website\"},\"primaryImageOfPage\":{\"@id\":\"https:\\\/\\\/rotarysete-doyen.org\\\/?page_id=2644#primaryimage\"},\"image\":{\"@id\":\"https:\\\/\\\/rotarysete-doyen.org\\\/?page_id=2644#primaryimage\"},\"thumbnailUrl\":\"https:\\\/\\\/rotarysete-doyen.org\\\/wp-content\\\/uploads\\\/2024\\\/05\\\/vignette-NOS-ACTIONS-6-1024x640.jpg\",\"datePublished\":\"2025-04-28T09:25:01+00:00\",\"dateModified\":\"2025-04-28T09:26:22+00:00\",\"breadcrumb\":{\"@id\":\"https:\\\/\\\/rotarysete-doyen.org\\\/?page_id=2644#breadcrumb\"},\"inLanguage\":\"fr-FR\",\"potentialAction\":[{\"@type\":\"ReadAction\",\"target\":[\"https:\\\/\\\/rotarysete-doyen.org\\\/?page_id=2644\"]}]},{\"@type\":\"ImageObject\",\"inLanguage\":\"fr-FR\",\"@id\":\"https:\\\/\\\/rotarysete-doyen.org\\\/?page_id=2644#primaryimage\",\"url\":\"https:\\\/\\\/rotarysete-doyen.org\\\/wp-content\\\/uploads\\\/2024\\\/05\\\/vignette-NOS-ACTIONS-6.jpg\",\"contentUrl\":\"https:\\\/\\\/rotarysete-doyen.org\\\/wp-content\\\/uploads\\\/2024\\\/05\\\/vignette-NOS-ACTIONS-6.jpg\",\"width\":2000,\"height\":1250},{\"@type\":\"BreadcrumbList\",\"@id\":\"https:\\\/\\\/rotarysete-doyen.org\\\/?page_id=2644#breadcrumb\",\"itemListElement\":[{\"@type\":\"ListItem\",\"position\":1,\"name\":\"Accueil\",\"item\":\"https:\\\/\\\/rotarysete-doyen.org\\\/\"},{\"@type\":\"ListItem\",\"position\":2,\"name\":\"Julien Chastanet : l\u2019espoir prometteur du Rotary Club\"}]},{\"@type\":\"WebSite\",\"@id\":\"https:\\\/\\\/rotarysete-doyen.org\\\/#website\",\"url\":\"https:\\\/\\\/rotarysete-doyen.org\\\/\",\"name\":\"rotarysete-doyen\",\"description\":\"\",\"publisher\":{\"@id\":\"https:\\\/\\\/rotarysete-doyen.org\\\/#organization\"},\"potentialAction\":[{\"@type\":\"SearchAction\",\"target\":{\"@type\":\"EntryPoint\",\"urlTemplate\":\"https:\\\/\\\/rotarysete-doyen.org\\\/?s={search_term_string}\"},\"query-input\":{\"@type\":\"PropertyValueSpecification\",\"valueRequired\":true,\"valueName\":\"search_term_string\"}}],\"inLanguage\":\"fr-FR\"},{\"@type\":\"Organization\",\"@id\":\"https:\\\/\\\/rotarysete-doyen.org\\\/#organization\",\"name\":\"rotarysete-doyen\",\"url\":\"https:\\\/\\\/rotarysete-doyen.org\\\/\",\"logo\":{\"@type\":\"ImageObject\",\"inLanguage\":\"fr-FR\",\"@id\":\"https:\\\/\\\/rotarysete-doyen.org\\\/#\\\/schema\\\/logo\\\/image\\\/\",\"url\":\"https:\\\/\\\/rotarysete-doyen.org\\\/wp-content\\\/uploads\\\/2023\\\/01\\\/logo-rotary-_Plan-de-travail-1-scaled.png\",\"contentUrl\":\"https:\\\/\\\/rotarysete-doyen.org\\\/wp-content\\\/uploads\\\/2023\\\/01\\\/logo-rotary-_Plan-de-travail-1-scaled.png\",\"width\":2560,\"height\":601,\"caption\":\"rotarysete-doyen\"},\"image\":{\"@id\":\"https:\\\/\\\/rotarysete-doyen.org\\\/#\\\/schema\\\/logo\\\/image\\\/\"}}]}<\/script>\n<!-- \/ Yoast SEO plugin. -->","yoast_head_json":{"title":"Julien Chastanet : l\u2019espoir prometteur du Rotary Club - rotarysete-doyen","robots":{"index":"index","follow":"follow","max-snippet":"max-snippet:-1","max-image-preview":"max-image-preview:large","max-video-preview":"max-video-preview:-1"},"canonical":"https:\/\/rotarysete-doyen.org\/?page_id=2644","og_locale":"fr_FR","og_type":"article","og_title":"Julien Chastanet : l\u2019espoir prometteur du Rotary Club - rotarysete-doyen","og_description":"Julien Chastanet : l\u2019espoir prometteur du Rotary Club Julien Chastanet, [&hellip;]","og_url":"https:\/\/rotarysete-doyen.org\/?page_id=2644","og_site_name":"rotarysete-doyen","article_modified_time":"2025-04-28T09:26:22+00:00","og_image":[{"width":2000,"height":1250,"url":"https:\/\/rotarysete-doyen.org\/wp-content\/uploads\/2024\/05\/vignette-NOS-ACTIONS-6.jpg","type":"image\/jpeg"}],"twitter_card":"summary_large_image","twitter_misc":{"Dur\u00e9e de lecture estim\u00e9e":"1 minute"},"schema":{"@context":"https:\/\/schema.org","@graph":[{"@type":"WebPage","@id":"https:\/\/rotarysete-doyen.org\/?page_id=2644","url":"https:\/\/rotarysete-doyen.org\/?page_id=2644","name":"Julien Chastanet : l\u2019espoir prometteur du Rotary Club - rotarysete-doyen","isPartOf":{"@id":"https:\/\/rotarysete-doyen.org\/#website"},"primaryImageOfPage":{"@id":"https:\/\/rotarysete-doyen.org\/?page_id=2644#primaryimage"},"image":{"@id":"https:\/\/rotarysete-doyen.org\/?page_id=2644#primaryimage"},"thumbnailUrl":"https:\/\/rotarysete-doyen.org\/wp-content\/uploads\/2024\/05\/vignette-NOS-ACTIONS-6-1024x640.jpg","datePublished":"2025-04-28T09:25:01+00:00","dateModified":"2025-04-28T09:26:22+00:00","breadcrumb":{"@id":"https:\/\/rotarysete-doyen.org\/?page_id=2644#breadcrumb"},"inLanguage":"fr-FR","potentialAction":[{"@type":"ReadAction","target":["https:\/\/rotarysete-doyen.org\/?page_id=2644"]}]},{"@type":"ImageObject","inLanguage":"fr-FR","@id":"https:\/\/rotarysete-doyen.org\/?page_id=2644#primaryimage","url":"https:\/\/rotarysete-doyen.org\/wp-content\/uploads\/2024\/05\/vignette-NOS-ACTIONS-6.jpg","contentUrl":"https:\/\/rotarysete-doyen.org\/wp-content\/uploads\/2024\/05\/vignette-NOS-ACTIONS-6.jpg","width":2000,"height":1250},{"@type":"BreadcrumbList","@id":"https:\/\/rotarysete-doyen.org\/?page_id=2644#breadcrumb","itemListElement":[{"@type":"ListItem","position":1,"name":"Accueil","item":"https:\/\/rotarysete-doyen.org\/"},{"@type":"ListItem","position":2,"name":"Julien Chastanet : l\u2019espoir prometteur du Rotary Club"}]},{"@type":"WebSite","@id":"https:\/\/rotarysete-doyen.org\/#website","url":"https:\/\/rotarysete-doyen.org\/","name":"rotarysete-doyen","description":"","publisher":{"@id":"https:\/\/rotarysete-doyen.org\/#organization"},"potentialAction":[{"@type":"SearchAction","target":{"@type":"EntryPoint","urlTemplate":"https:\/\/rotarysete-doyen.org\/?s={search_term_string}"},"query-input":{"@type":"PropertyValueSpecification","valueRequired":true,"valueName":"search_term_string"}}],"inLanguage":"fr-FR"},{"@type":"Organization","@id":"https:\/\/rotarysete-doyen.org\/#organization","name":"rotarysete-doyen","url":"https:\/\/rotarysete-doyen.org\/","logo":{"@type":"ImageObject","inLanguage":"fr-FR","@id":"https:\/\/rotarysete-doyen.org\/#\/schema\/logo\/image\/","url":"https:\/\/rotarysete-doyen.org\/wp-content\/uploads\/2023\/01\/logo-rotary-_Plan-de-travail-1-scaled.png","contentUrl":"https:\/\/rotarysete-doyen.org\/wp-content\/uploads\/2023\/01\/logo-rotary-_Plan-de-travail-1-scaled.png","width":2560,"height":601,"caption":"rotarysete-doyen"},"image":{"@id":"https:\/\/rotarysete-doyen.org\/#\/schema\/logo\/image\/"}}]}},"_links":{"self":[{"href":"https:\/\/rotarysete-doyen.org\/index.php?rest_route=\/wp\/v2\/pages\/2644","targetHints":{"allow":["GET"]}}],"collection":[{"href":"https:\/\/rotarysete-doyen.org\/index.php?rest_route=\/wp\/v2\/pages"}],"about":[{"href":"https:\/\/rotarysete-doyen.org\/index.php?rest_route=\/wp\/v2\/types\/page"}],"author":[{"embeddable":true,"href":"https:\/\/rotarysete-doyen.org\/index.php?rest_route=\/wp\/v2\/users\/1"}],"replies":[{"embeddable":true,"href":"https:\/\/rotarysete-doyen.org\/index.php?rest_route=%2Fwp%2Fv2%2Fcomments&post=2644"}],"version-history":[{"count":4,"href":"https:\/\/rotarysete-doyen.org\/index.php?rest_route=\/wp\/v2\/pages\/2644\/revisions"}],"predecessor-version":[{"id":2648,"href":"https:\/\/rotarysete-doyen.org\/index.php?rest_route=\/wp\/v2\/pages\/2644\/revisions\/2648"}],"wp:attachment":[{"href":"https:\/\/rotarysete-doyen.org\/index.php?rest_route=%2Fwp%2Fv2%2Fmedia&parent=2644"}],"curies":[{"name":"wp","href":"https:\/\/api.w.org\/{rel}","templated":true}]}}